{"id":50,"date":"2023-12-22T17:43:47","date_gmt":"2023-12-22T20:43:47","guid":{"rendered":"https:\/\/efeitoharmony.com.br\/?page_id=50"},"modified":"2023-12-31T16:37:17","modified_gmt":"2023-12-31T19:37:17","slug":"ultrapasse-a-matrix","status":"publish","type":"page","link":"https:\/\/efeitoharmony.com.br\/index.php\/ultrapasse-a-matrix\/","title":{"rendered":"Ultrapasse a Matrix"},"content":{"rendered":"<style>\/*! elementor - v3.13.3 - 28-05-2023 *\/\n.elementor-heading-title{padding:0;margin:0;line-height:1}.elementor-widget-heading .elementor-heading-title[class*=elementor-size-]>a{color:inherit;font-size:inherit;line-height:inherit}.elementor-widget-heading .elementor-heading-title.elementor-size-small{font-size:15px}.elementor-widget-heading .elementor-heading-title.elementor-size-medium{font-size:19px}.elementor-widget-heading .elementor-heading-title.elementor-size-large{font-size:29px}.elementor-widget-heading .elementor-heading-title.elementor-size-xl{font-size:39px}.elementor-widget-heading .elementor-heading-title.elementor-size-xxl{font-size:59px}<\/style>\n<h2>ULTRAPASSE A MATRIX<\/h2>\n<h2>Destrave a riqueza na sua vida com o segredo no final deste v\u00eddeo.<br \/>\n<\/h2>\n<p>\t\t<iframe loading=\"lazy\" title=\"Assista at\u00e9 o fim\" width=\"500\" height=\"375\" src=\"https:\/\/www.youtube.com\/embed\/JOjWNYZ306E?feature=oembed\" frameborder=\"0\" allow=\"accelerometer; autoplay; clipboard-write; encrypted-media; gyroscope; picture-in-picture; web-share\" referrerpolicy=\"strict-origin-when-cross-origin\" allowfullscreen><\/iframe><br \/>\n\t\t\t<a href=\"#\" role=\"button\"><br \/>\n\t\t\t\t\t\tSIM, QUERO DESTRAVAR MEU ACESSO!<br \/>\n\t\t\t\t\t<\/a><\/p>\n<h2>APRESENTANDO: Ultrapasse a Matrix<\/h2>\n<p>Se voc\u00ea sente que algo est\u00e1 te impedindo de ir para o pr\u00f3ximo n\u00edvel, seja por falta de conhecimento t\u00e9cnico ou travas emocionais, O ultrapasse a matrix \u00e9 para voc\u00ea!<\/p>\n<h2>M\u00f3dulos secretos :<\/h2>\n<style>\/*! elementor - v3.13.3 - 28-05-2023 *\/\n.elementor-image-gallery .gallery-item{display:inline-block;text-align:center;vertical-align:top;width:100%;max-width:100%;margin:0 auto}.elementor-image-gallery .gallery-item img{margin:0 auto}.elementor-image-gallery .gallery-item .gallery-caption{margin:0}.elementor-image-gallery figure img{display:block}.elementor-image-gallery figure figcaption{width:100%}.gallery-spacing-custom .elementor-image-gallery .gallery-icon{padding:0}@media (min-width:768px){.elementor-image-gallery .gallery-columns-2 .gallery-item{max-width:50%}.elementor-image-gallery .gallery-columns-3 .gallery-item{max-width:33.33%}.elementor-image-gallery .gallery-columns-4 .gallery-item{max-width:25%}.elementor-image-gallery .gallery-columns-5 .gallery-item{max-width:20%}.elementor-image-gallery .gallery-columns-6 .gallery-item{max-width:16.666%}.elementor-image-gallery .gallery-columns-7 .gallery-item{max-width:14.28%}.elementor-image-gallery .gallery-columns-8 .gallery-item{max-width:12.5%}.elementor-image-gallery .gallery-columns-9 .gallery-item{max-width:11.11%}.elementor-image-gallery .gallery-columns-10 .gallery-item{max-width:10%}}@media (min-width:480px) and (max-width:767px){.elementor-image-gallery .gallery.gallery-columns-2 .gallery-item,.elementor-image-gallery .gallery.gallery-columns-3 .gallery-item,.elementor-image-gallery .gallery.gallery-columns-4 .gallery-item,.elementor-image-gallery .gallery.gallery-columns-5 .gallery-item,.elementor-image-gallery .gallery.gallery-columns-6 .gallery-item,.elementor-image-gallery .gallery.gallery-columns-7 .gallery-item,.elementor-image-gallery .gallery.gallery-columns-8 .gallery-item,.elementor-image-gallery .gallery.gallery-columns-9 .gallery-item,.elementor-image-gallery .gallery.gallery-columns-10 .gallery-item{max-width:50%}}@media (max-width:479px){.elementor-image-gallery .gallery.gallery-columns-2 .gallery-item,.elementor-image-gallery .gallery.gallery-columns-3 .gallery-item,.elementor-image-gallery .gallery.gallery-columns-4 .gallery-item,.elementor-image-gallery .gallery.gallery-columns-5 .gallery-item,.elementor-image-gallery .gallery.gallery-columns-6 .gallery-item,.elementor-image-gallery .gallery.gallery-columns-7 .gallery-item,.elementor-image-gallery .gallery.gallery-columns-8 .gallery-item,.elementor-image-gallery .gallery.gallery-columns-9 .gallery-item,.elementor-image-gallery .gallery.gallery-columns-10 .gallery-item{max-width:100%}}<\/style>\n<figure class='gallery-item'>\n\t\t\t\t<a data-elementor-open-lightbox=\"yes\" data-elementor-lightbox-slideshow=\"d771708\" data-elementor-lightbox-title=\"Inserir um t\u00edtulo\" data-e-action-hash=\"#elementor-action%3Aaction%3Dlightbox%26settings%3DeyJpZCI6MTk3LCJ1cmwiOiJodHRwczpcL1wvZWZlaXRvaGFybW9ueS5jb20uYnJcL3dwLWNvbnRlbnRcL3VwbG9hZHNcLzIwMjNcLzEyXC9JbnNlcmlyLXVtLXRpdHVsby0xLnBuZyIsInNsaWRlc2hvdyI6ImQ3NzE3MDgifQ%3D%3D\" href='https:\/\/efeitoharmony.com.br\/wp-content\/uploads\/2023\/12\/Inserir-um-titulo-1.png'><img width=\"300\" height=\"300\" src=\"https:\/\/efeitoharmony.com.br\/wp-content\/uploads\/2023\/12\/Inserir-um-titulo-1-300x300.png\" alt=\"\" decoding=\"async\" loading=\"lazy\" srcset=\"https:\/\/efeitoharmony.com.br\/wp-content\/uploads\/2023\/12\/Inserir-um-titulo-1-300x300.png 300w, https:\/\/efeitoharmony.com.br\/wp-content\/uploads\/2023\/12\/Inserir-um-titulo-1-150x150.png 150w, https:\/\/efeitoharmony.com.br\/wp-content\/uploads\/2023\/12\/Inserir-um-titulo-1-768x768.png 768w, https:\/\/efeitoharmony.com.br\/wp-content\/uploads\/2023\/12\/Inserir-um-titulo-1.png 1024w\" sizes=\"auto, (max-width: 300px) 100vw, 300px\" \/><\/a><br \/>\n\t\t\t<\/figure>\n<figure class='gallery-item'>\n\t\t\t\t<a data-elementor-open-lightbox=\"yes\" data-elementor-lightbox-slideshow=\"d771708\" data-elementor-lightbox-title=\"Inserir um t\u00edtulo (1)\" data-e-action-hash=\"#elementor-action%3Aaction%3Dlightbox%26settings%3DeyJpZCI6MTk4LCJ1cmwiOiJodHRwczpcL1wvZWZlaXRvaGFybW9ueS5jb20uYnJcL3dwLWNvbnRlbnRcL3VwbG9hZHNcLzIwMjNcLzEyXC9JbnNlcmlyLXVtLXRpdHVsby0xLTEucG5nIiwic2xpZGVzaG93IjoiZDc3MTcwOCJ9\" href='https:\/\/efeitoharmony.com.br\/wp-content\/uploads\/2023\/12\/Inserir-um-titulo-1-1.png'><img width=\"300\" height=\"300\" src=\"https:\/\/efeitoharmony.com.br\/wp-content\/uploads\/2023\/12\/Inserir-um-titulo-1-1-300x300.png\" alt=\"\" decoding=\"async\" loading=\"lazy\" srcset=\"https:\/\/efeitoharmony.com.br\/wp-content\/uploads\/2023\/12\/Inserir-um-titulo-1-1-300x300.png 300w, https:\/\/efeitoharmony.com.br\/wp-content\/uploads\/2023\/12\/Inserir-um-titulo-1-1-150x150.png 150w, https:\/\/efeitoharmony.com.br\/wp-content\/uploads\/2023\/12\/Inserir-um-titulo-1-1-768x768.png 768w, https:\/\/efeitoharmony.com.br\/wp-content\/uploads\/2023\/12\/Inserir-um-titulo-1-1.png 1024w\" sizes=\"auto, (max-width: 300px) 100vw, 300px\" \/><\/a><br \/>\n\t\t\t<\/figure>\n<figure class='gallery-item'>\n\t\t\t\t<a data-elementor-open-lightbox=\"yes\" data-elementor-lightbox-slideshow=\"d771708\" data-elementor-lightbox-title=\"Inserir um t\u00edtulo (2)\" data-e-action-hash=\"#elementor-action%3Aaction%3Dlightbox%26settings%3DeyJpZCI6MTk2LCJ1cmwiOiJodHRwczpcL1wvZWZlaXRvaGFybW9ueS5jb20uYnJcL3dwLWNvbnRlbnRcL3VwbG9hZHNcLzIwMjNcLzEyXC9JbnNlcmlyLXVtLXRpdHVsby0yLnBuZyIsInNsaWRlc2hvdyI6ImQ3NzE3MDgifQ%3D%3D\" href='https:\/\/efeitoharmony.com.br\/wp-content\/uploads\/2023\/12\/Inserir-um-titulo-2.png'><img width=\"300\" height=\"300\" src=\"https:\/\/efeitoharmony.com.br\/wp-content\/uploads\/2023\/12\/Inserir-um-titulo-2-300x300.png\" alt=\"\" decoding=\"async\" loading=\"lazy\" srcset=\"https:\/\/efeitoharmony.com.br\/wp-content\/uploads\/2023\/12\/Inserir-um-titulo-2-300x300.png 300w, https:\/\/efeitoharmony.com.br\/wp-content\/uploads\/2023\/12\/Inserir-um-titulo-2-150x150.png 150w, https:\/\/efeitoharmony.com.br\/wp-content\/uploads\/2023\/12\/Inserir-um-titulo-2-768x768.png 768w, https:\/\/efeitoharmony.com.br\/wp-content\/uploads\/2023\/12\/Inserir-um-titulo-2.png 1024w\" sizes=\"auto, (max-width: 300px) 100vw, 300px\" \/><\/a><br \/>\n\t\t\t<\/figure>\n<h2>GARANTIA DE TRANSFORMA\u00c7\u00c3O<br \/>\n<\/h2>\n<p>No&nbsp;<strong>\u2018Ultrapasse a Matrix\u2019<\/strong>, n\u00e3o s\u00f3 identificamos os desafios ao seu crescimento, mas equipamos voc\u00ea com ferramentas e conhecimentos para super\u00e1-los, garantindo que eleve seu n\u00edvel de vibra\u00e7\u00e3o e a\u00e7\u00e3o&nbsp;<strong>para materializar seus objetivos e at\u00e9 mesmo seus sonhos mais ambiciosos<\/strong><\/p>\n<p><strong>SUA TRANSFORMA\u00c7\u00c3O DE VIDA<\/strong> A UM INVESTIMENTO ACESS\u00cdVEL:<\/p>\n<h2>12x R$ 2,49<br \/>\n<\/h2>\n<p>\t\t\t<a href=\"#\" role=\"button\"><br \/>\n\t\t\t\t\t\tSIM, QUERO MEU ACESSO EXCLUSIVO!<br \/>\n\t\t\t\t\t<\/a><\/p>\n<style>\/*! elementor - v3.13.3 - 28-05-2023 *\/\n.elementor-column .elementor-spacer-inner{height:var(--spacer-size)}.e-con{--container-widget-width:100%}.e-con-inner>.elementor-widget-spacer,.e-con>.elementor-widget-spacer{width:var(--container-widget-width,var(--spacer-size));--align-self:var(--container-widget-align-self,initial);--flex-shrink:0}.e-con-inner>.elementor-widget-spacer>.elementor-widget-container,.e-con-inner>.elementor-widget-spacer>.elementor-widget-container>.elementor-spacer,.e-con>.elementor-widget-spacer>.elementor-widget-container,.e-con>.elementor-widget-spacer>.elementor-widget-container>.elementor-spacer{height:100%}.e-con-inner>.elementor-widget-spacer>.elementor-widget-container>.elementor-spacer>.elementor-spacer-inner,.e-con>.elementor-widget-spacer>.elementor-widget-container>.elementor-spacer>.elementor-spacer-inner{height:var(--container-widget-height,var(--spacer-size))}<\/style>\n<p>\t\t<strong>\u00a9 Copyright 2023 Todos os direitos reservados<\/strong><\/p>\n<p>Este site n\u00e3o \u00e9 afiliado ao Facebook ou a qualquer entidade do Facebook. Depois que voc\u00ea sair do Facebook, a responsabilidade n\u00e3o \u00e9 deles e sim do nosso site. Fazemos todos os esfor\u00e7os para indicar claramente e mostrar todas as provas do produto e usamos resultados reais. N\u00f3s n\u00e3o vendemos o seu e-mail ou qualquer informa\u00e7\u00e3o para terceiros. Jamais fazemos nenhum tipo de spam. Se voc\u00ea tiver alguma d\u00favida, sinta-se \u00e0 vontade para usar o link de contato e falar conosco em hor\u00e1rio comercial de Segunda a Sextas das 09h00 \u00e1s 18h00. Lemos e respondemos todas as mensagens por ordem de chegada.<\/p>\n<p>\t\t\t<head><br \/>\n<\/head><\/p>\n","protected":false},"excerpt":{"rendered":"<p>ULTRAPASSE A MATRIX Destrave a riqueza na sua vida com o segredo no final deste v\u00eddeo. SIM, QUERO DESTRAVAR MEU ACESSO! APRESENTANDO: Ultrapasse a Matrix Se voc\u00ea sente que algo est\u00e1 te impedindo de ir para o pr\u00f3ximo n\u00edvel, seja por falta de conhecimento t\u00e9cnico ou travas emocionais, O ultrapasse a matrix \u00e9 para voc\u00ea! [&hellip;]<\/p>\n","protected":false},"author":1,"featured_media":0,"parent":0,"menu_order":0,"comment_status":"closed","ping_status":"closed","template":"elementor_canvas","meta":{"footnotes":""},"class_list":["post-50","page","type-page","status-publish","hentry"],"_links":{"self":[{"href":"https:\/\/efeitoharmony.com.br\/index.php\/wp-json\/wp\/v2\/pages\/50","targetHints":{"allow":["GET"]}}],"collection":[{"href":"https:\/\/efeitoharmony.com.br\/index.php\/wp-json\/wp\/v2\/pages"}],"about":[{"href":"https:\/\/efeitoharmony.com.br\/index.php\/wp-json\/wp\/v2\/types\/page"}],"author":[{"embeddable":true,"href":"https:\/\/efeitoharmony.com.br\/index.php\/wp-json\/wp\/v2\/users\/1"}],"replies":[{"embeddable":true,"href":"https:\/\/efeitoharmony.com.br\/index.php\/wp-json\/wp\/v2\/comments?post=50"}],"version-history":[{"count":0,"href":"https:\/\/efeitoharmony.com.br\/index.php\/wp-json\/wp\/v2\/pages\/50\/revisions"}],"wp:attachment":[{"href":"https:\/\/efeitoharmony.com.br\/index.php\/wp-json\/wp\/v2\/media?parent=50"}],"curies":[{"name":"wp","href":"https:\/\/api.w.org\/{rel}","templated":true}]}}