{"id":36,"date":"2023-06-04T20:14:00","date_gmt":"2023-06-04T20:14:00","guid":{"rendered":"https:\/\/efeitoharmony.com.br\/?page_id=36"},"modified":"2023-06-04T20:14:06","modified_gmt":"2023-06-04T20:14:06","slug":"home","status":"publish","type":"page","link":"https:\/\/efeitoharmony.com.br\/","title":{"rendered":"Home"},"content":{"rendered":"<p><center>Voc\u00ea e alguns homens de  foram selecionados para participar deste programa.<\/center>\t\t<\/p>\n<style>\/*! elementor - v3.13.3 - 28-05-2023 *\/\n.elementor-heading-title{padding:0;margin:0;line-height:1}.elementor-widget-heading .elementor-heading-title[class*=elementor-size-]>a{color:inherit;font-size:inherit;line-height:inherit}.elementor-widget-heading .elementor-heading-title.elementor-size-small{font-size:15px}.elementor-widget-heading .elementor-heading-title.elementor-size-medium{font-size:19px}.elementor-widget-heading .elementor-heading-title.elementor-size-large{font-size:29px}.elementor-widget-heading .elementor-heading-title.elementor-size-xl{font-size:39px}.elementor-widget-heading .elementor-heading-title.elementor-size-xxl{font-size:59px}<\/style>\n<h1>O  M\u00c9TODO SECRETO QUE EST\u00c1 FAZENDO PESSOAS COMUNS MULTIPLICAREM SEU DINHEIRO TODOS OS DIAS<\/h1>\n<p>\t\t\t<iframe frameborder=\"0\" allowfullscreen src=\"https:\/\/scripts.converteai.net\/22104653-2b04-432f-a633-6f1b2c6f8ccb\/players\/63c6de28da5f7600088b67bf\/embed.html\" id=\"ifr_63c6de28da5f7600088b67bf\" style=\"position:absolute;top:0;left:0;width:100%;height:100%;\" referrerpolicy=\"origin\"><\/iframe>\t\t<\/p>\n<h2>Por favor, verifique se o seu som est\u00e1 ligado!<\/h2>\n<p>\t\t\t<a role=\"button\"><br \/>\n\t\t\t\t\t\tCLIQUE AGORA PARA GARANTIR SEU ACESSO!<br \/>\n\t\t\t\t\t<\/a><\/p>\n<style>@font-face{font-family:\"Font Awesome 5 Free\";font-style:normal;font-weight:400;font-display:auto;src:url(\/\/bumbumdosdreams.site\/wp-content\/plugins\/elementor\/assets\/lib\/font-awesome\/css\/..\/webfonts\/fa-regular-400.eot);src:url(\/\/bumbumdosdreams.site\/wp-content\/plugins\/elementor\/assets\/lib\/font-awesome\/css\/..\/webfonts\/fa-regular-400.eot?#iefix) format(\"embedded-opentype\"),url(\/\/bumbumdosdreams.site\/wp-content\/plugins\/elementor\/assets\/lib\/font-awesome\/css\/..\/webfonts\/fa-regular-400.woff2) format(\"woff2\"),url(\/\/bumbumdosdreams.site\/wp-content\/plugins\/elementor\/assets\/lib\/font-awesome\/css\/..\/webfonts\/fa-regular-400.woff) format(\"woff\"),url(\/\/bumbumdosdreams.site\/wp-content\/plugins\/elementor\/assets\/lib\/font-awesome\/css\/..\/webfonts\/fa-regular-400.ttf) format(\"truetype\"),url(\/\/bumbumdosdreams.site\/wp-content\/plugins\/elementor\/assets\/lib\/font-awesome\/css\/..\/webfonts\/fa-regular-400.svg#fontawesome) format(\"svg\")}.far{font-family:\"Font Awesome 5 Free\";font-weight:400}<\/style>\n<p><title>Bumbum Dos sonhos &#8211;Tenha o Bumbum que voc\u00ea tanto sonhou.<\/title><link rel=\"stylesheet\" media=\"print\" onload=\"this.onload=null;this.media='all';\" id=\"ao_optimized_gfonts\" href=\"https:\/\/fonts.googleapis.com\/css?family=Roboto%3A100%2C100italic%2C200%2C200italic%2C300%2C300italic%2C400%2C400italic%2C500%2C500italic%2C600%2C600italic%2C700%2C700italic%2C800%2C800italic%2C900%2C900italic%7CRoboto+Slab%3A100%2C100italic%2C200%2C200italic%2C300%2C300italic%2C400%2C400italic%2C500%2C500italic%2C600%2C600italic%2C700%2C700italic%2C800%2C800italic%2C900%2C900italic%7COpen+Sans+Condensed%3A100%2C100italic%2C200%2C200italic%2C300%2C300italic%2C400%2C400italic%2C500%2C500italic%2C600%2C600italic%2C700%2C700italic%2C800%2C800italic%2C900%2C900italic%7COswald%3A100%2C100italic%2C200%2C200italic%2C300%2C300italic%2C400%2C400italic%2C500%2C500italic%2C600%2C600italic%2C700%2C700italic%2C800%2C800italic%2C900%2C900italic&amp;display=swap\" \/><link href='https:\/\/cdn.shortpixel.ai' rel='preconnect' \/><link href='https:\/\/fonts.gstatic.com' crossorigin='anonymous' rel='preconnect' \/><link rel=\"alternate\" type=\"application\/rss+xml\" title=\"Feed para Bumbum Dos sonhos &raquo;\" href=\"https:\/\/bumbumdosdreams.site\/feed\/\" \/><link rel=\"alternate\" type=\"application\/rss+xml\" title=\"Feed de coment\u00e1rios para Bumbum Dos sonhos &raquo;\" href=\"https:\/\/bumbumdosdreams.site\/comments\/feed\/\" \/><link rel=\"https:\/\/api.w.org\/\" href=\"https:\/\/bumbumdosdreams.site\/wp-json\/\" \/><link rel=\"alternate\" type=\"application\/json\" href=\"https:\/\/bumbumdosdreams.site\/wp-json\/wp\/v2\/pages\/10\" \/><link rel=\"EditURI\" type=\"application\/rsd+xml\" title=\"RSD\" href=\"https:\/\/bumbumdosdreams.site\/xmlrpc.php?rsd\" \/><link rel=\"wlwmanifest\" type=\"application\/wlwmanifest+xml\" href=\"https:\/\/bumbumdosdreams.site\/wp-includes\/wlwmanifest.xml\" \/><meta name=\"generator\" content=\"WordPress 5.5.3\" \/><link rel=\"canonical\" href=\"https:\/\/bumbumdosdreams.site\/\" \/><link rel='shortlink' href='https:\/\/bumbumdosdreams.site\/' \/><link rel=\"alternate\" type=\"application\/json+oembed\" href=\"https:\/\/bumbumdosdreams.site\/wp-json\/oembed\/1.0\/embed?url=https%3A%2F%2Fbumbumdosdreams.site%2F\" \/><link rel=\"alternate\" type=\"text\/xml+oembed\" href=\"https:\/\/bumbumdosdreams.site\/wp-json\/oembed\/1.0\/embed?url=https%3A%2F%2Fbumbumdosdreams.site%2F&#038;format=xml\" \/><link rel=\"icon\" href=\"https:\/\/cdn.shortpixel.ai\/client\/q_lossless,ret_img,w_32,h_32\/https:\/\/bumbumdosdreams.site\/wp-content\/uploads\/2020\/11\/cropped-Icone-1-150x150-1-32x32.png\" sizes=\"32x32\" \/><link rel=\"icon\" href=\"https:\/\/cdn.shortpixel.ai\/client\/q_lossless,ret_img,w_192,h_192\/https:\/\/bumbumdosdreams.site\/wp-content\/uploads\/2020\/11\/cropped-Icone-1-150x150-1-192x192.png\" sizes=\"192x192\" \/><link rel=\"apple-touch-icon\" href=\"https:\/\/cdn.shortpixel.ai\/client\/q_lossless,ret_img,w_180,h_180\/https:\/\/bumbumdosdreams.site\/wp-content\/uploads\/2020\/11\/cropped-Icone-1-150x150-1-180x180.png\" \/><meta name=\"msapplication-TileImage\" content=\"https:\/\/bumbumdosdreams.site\/wp-content\/uploads\/2020\/11\/cropped-Icone-1-150x150-1-270x270.png\" \/><\/p>\n<style type=\"text\/css\" id=\"wp-custom-css\">#comentarios_face {font-family: Arial;background-color: #F6F7F9;font-size: 14px;padding: 20px;}.titulo_comentario {font-weight: bold;border-bottom: 1px solid #E9EBEE;display: block;padding-bottom: 6px;}.perfil {display: block;padding-top: 10px;padding-bottom: 10px;line-height: 20px;}.perfil .nome {color: #365899;font-weight: bold;}.nome img {float: left;padding-right: 10px;}.perfil img {width: 60px !important;height: 50px;}.perfil p {margin: 0;margin-left: 60px;margin-bottom: 0px;}.infos {font-size: 11px;color: #90949c;}.perfil2 {padding-left: 9px;border-left: 1px solid #E9EBEE;margin-left: 50px;padding-bottom: 0;}<\/style>\n<p>\t 34 coment\u00e1rios<br \/>\n      <!-- N\u00c3O MEXA AQUI EM CIMA--><br \/>\n      <!-- INICIO DO COMENTARIO --><br \/>\n        <noscript><br \/>\n          <img decoding=\"async\" src=\"https:\/\/i.imgur.com\/Dhk2G1G.jpg\"><br \/>\n        <\/noscript><br \/>\n        <img decoding=\"async\" src=\"https:\/\/i.imgur.com\/Dhk2G1G.jpg\" data-src=\"https:\/\/i.imgur.com\/Dhk2G1G.jpg\">Clara Alves <\/p>\n<p>Marcelaa! Voc\u00ea est\u00e1 vendendo esses treinos para gl\u00fateos muito barato pelos os resultados que eles trazem&#8230;<\/p>\n<p> Responder \u00b7 Curtir \u00b7 Seguir \u00b7 1h<br \/>\n      <!-- FIM DO COMENTARIO --><br \/>\n      <!-- INICIO DO COMENTARIO --><br \/>\n        <noscript><br \/>\n          <img decoding=\"async\" src=\"https:\/\/i.imgur.com\/M5zZNMv.jpg\"><br \/>\n        <\/noscript><br \/>\n        <img decoding=\"async\" src=\"https:\/\/i.imgur.com\/M5zZNMv.jpg\" data-src=\"https:\/\/i.imgur.com\/M5zZNMv.jpg\">Ana Campos <\/p>\n<p>Gente, realmente funciona!! Estou impressionada!!<\/p>\n<p> Responder \u00b7 Curtir \u00b7 Seguir \u00b7 1h<br \/>\n      <!-- FIM DO COMENTARIO --><br \/>\n      <!-- INICIO DO COMENTARIO --><br \/>\n        <noscript><br \/>\n          <img decoding=\"async\" src=\"https:\/\/i.imgur.com\/eM9uJvs.jpg\"><br \/>\n        <\/noscript><br \/>\n        <img decoding=\"async\" src=\"https:\/\/i.imgur.com\/eM9uJvs.jpg\" data-src=\"https:\/\/i.imgur.com\/eM9uJvs.jpg\">Clara Martins <\/p>\n<p>Nossaaaaa, muito bom esses treinos, vale super apena<\/p>\n<p> Responder \u00b7 Curtir \u00b7 Seguir \u00b7 1h<br \/>\n      <!-- FIM DO COMENTARIO --><br \/>\n      <!-- INICIO DO COMENTARIO --><br \/>\n        <noscript><br \/>\n          <img decoding=\"async\" src=\"https:\/\/i.imgur.com\/r1Nzi42.jpg\"><br \/>\n        <\/noscript><br \/>\n        <img decoding=\"async\" src=\"https:\/\/i.imgur.com\/r1Nzi42.jpg\" data-src=\"https:\/\/i.imgur.com\/r1Nzi42.jpg\">Rebeca Godoi <\/p>\n<p>Simples e objetivo, sem enrola\u00e7\u00e3o, parab\u00e9ns Marcela<\/p>\n<p> Responder \u00b7 Curtir \u00b7 Seguir \u00b7 3h<br \/>\n      <!-- FIM DO COMENTARIO --><br \/>\n      <!-- INICIO DO COMENTARIO --><br \/>\n        <noscript><br \/>\n          <img decoding=\"async\" src=\"https:\/\/i.imgur.com\/ZUCQqPu.jpg\"><br \/>\n        <\/noscript><br \/>\n        <img decoding=\"async\" src=\"https:\/\/i.imgur.com\/ZUCQqPu.jpg\" data-src=\"https:\/\/i.imgur.com\/ZUCQqPu.jpg\">Rafaela Alves <\/p>\n<p>Como n\u00e3o tinha visto isso antes?? Chocada!<\/p>\n<p> Responder \u00b7 Curtir \u00b7 Seguir \u00b7 2h<br \/>\n      <!-- FIM DO COMENTARIO --><br \/>\n      <!-- INICIO DO COMENTARIO --><br \/>\n          <noscript><br \/>\n            <img decoding=\"async\" src=\"https:\/\/i.imgur.com\/Gy0e7GA.jpg\"><br \/>\n          <\/noscript><br \/>\n          <img decoding=\"async\" src=\"https:\/\/i.imgur.com\/Gy0e7GA.jpg\" data-src=\"https:\/\/i.imgur.com\/Gy0e7GA.jpg\">Gabriela Morais <\/p>\n<p>@rebecabarbosa amiga v\u00ea isso logo kkkk, \u00e9 mt bomm<\/p>\n<p> Responder \u00b7 Curtir \u00b7 Seguir \u00b7 2h<br \/>\n      <!-- FIM DO COMENTARIO --><br \/>\n      <!-- INICIO DO COMENTARIO || ESSE COMENT\u00c1RIO EH UMA RESPOSTA --><br \/>\n            <noscript><br \/>\n              <img decoding=\"async\" src=\"https:\/\/i.imgur.com\/GC6b6qe.jpg\"><br \/>\n            <\/noscript><br \/>\n            <img decoding=\"async\" src=\"https:\/\/i.imgur.com\/GC6b6qe.jpg\" data-src=\"https:\/\/i.imgur.com\/GC6b6qe.jpg\">Rebeca Barbosa <\/p>\n<p>Acabei de ver, vale super apenas, n\u00e3o sabia desses segredos<\/p>\n<p> Responder \u00b7 Curtir \u00b7 Seguir \u00b7 3 min<br \/>\n      <!-- FIM DO COMENTARIO RESPOSTA --><br \/>\n      <!-- INICIO DO COMENTARIO --><br \/>\n        <noscript><br \/>\n          <img decoding=\"async\" src=\"https:\/\/i.imgur.com\/Qxycjx9.jpg\"><br \/>\n        <\/noscript><br \/>\n        <img decoding=\"async\" src=\"https:\/\/i.imgur.com\/Qxycjx9.jpg\" data-src=\"https:\/\/i.imgur.com\/Qxycjx9.jpg\">Al\u00edcia Barros <\/p>\n<p>Depois que fiz esse m\u00e9todo perdi a vergonha de ficar de biquini na praia, finalmente!!<\/p>\n<p> Responder \u00b7 Curtir \u00b7 Seguir \u00b7 4h<br \/>\n      <!-- FIM DO COMENTARIO --><br \/>\n      <!-- INICIO DO COMENTARIO --><br \/>\n        <noscript><br \/>\n          <img decoding=\"async\" src=\"https:\/\/i.imgur.com\/qrr6krW.jpg\"><br \/>\n        <\/noscript><br \/>\n        <img decoding=\"async\" src=\"https:\/\/i.imgur.com\/qrr6krW.jpg\" data-src=\"https:\/\/i.imgur.com\/qrr6krW.jpg\">L\u00edvia Batista <\/p>\n<p>Meu namorado viciou na minha bunda hahaaha<\/p>\n<p> Responder \u00b7 Curtir \u00b7 Seguir \u00b7 4h<br \/>\n      <!-- FIM DO COMENTARIO --><br \/>\n      <!-- INICIO DO COMENTARIO --><br \/>\n        <noscript><br \/>\n          <img decoding=\"async\" src=\"https:\/\/i.imgur.com\/gOTadwt.jpg\"><br \/>\n        <\/noscript><br \/>\n        <img decoding=\"async\" src=\"https:\/\/i.imgur.com\/gOTadwt.jpg\" data-src=\"https:\/\/i.imgur.com\/gOTadwt.jpg\">Cec\u00edlia Cardoso <\/p>\n<p>Em 10 semanas j\u00e1 me senti outra pessoa, muito bom, recomendo!<\/p>\n<p> Responder \u00b7 Curtir \u00b7 Seguir \u00b7 5h<br \/>\n      <!-- FIM DO COMENTARIO --><br \/>\n      <!-- INICIO DO COMENTARIO --><br \/>\n        <noscript><br \/>\n          <img decoding=\"async\" src=\"https:\/\/i.imgur.com\/RVpxkuT.jpg\"><br \/>\n        <\/noscript><br \/>\n        <img decoding=\"async\" src=\"https:\/\/i.imgur.com\/RVpxkuT.jpg\" data-src=\"https:\/\/i.imgur.com\/RVpxkuT.jpg\">Maria Duarte <\/p>\n<p>S\u00f3 digo uma coisa\u2026 FA\u00c7AM! voc\u00eas v\u00e3o amar!<\/p>\n<p> Responder \u00b7 Curtir \u00b7 Seguir \u00b7 5h<br \/>\n      <!-- FIM DO COMENTARIO --><br \/>\n      <!-- N\u00c3O MEXA AQUI EM BAIXO --><\/p>\n<style>.animado{animation:pulse 1s infinite;}<\/style>\n<h2>PIRATARIA \u00c9 CRIME<\/h2>\n<p>A venda do Sedu\u00e7\u00e3o Secreta s\u00f3 pode ser realizada atrav\u00e9s deste site. Qualquer outro site onde voc\u00ea encontre este programa \u00e9 uma FALSIFICA\u00c7\u00c3O e vai contra as leis. Evite falsifica\u00e7\u00f5es e recuse conte\u00fados ilegais ou pirateados. N\u00c3O adquira programas parecidos e que n\u00e3o s\u00e3o baseados em anos de estudo da psicologia comportamental. N\u00e3o nos responsabilizamos por compras realizadas em outros sites.<\/p>\n<p>Copyright 2020 &#8211;\u00a0Todos os direitos reservados.<\/p>\n<p><a style=\"color: #808080;\" href=\"\/termos-de-uso\" target=\"_blank\" rel=\"noopener\">Termos de Uso<\/a>\u00a0\u00a0\u00a0\u00a0\u00a0\u00a0\u00a0\u00a0\u00a0\u00a0\u00a0<a style=\"color: #808080;\" href=\"\/politicas-de-privacidade\" target=\"_blank\" rel=\"noopener\">Pol\u00edticas de Privacidade<\/a><\/p>\n<p><!--In\u00edcio do codigo para delay de conteudo--><\/p>\n<style>\n    .esconder {\n        display: none;\n    }\n<\/style>\n<p><!--Fim do codigo para delay de conteudo--><\/p>\n","protected":false},"excerpt":{"rendered":"<p>Voc\u00ea e alguns homens de foram selecionados para participar deste programa. O M\u00c9TODO SECRETO QUE EST\u00c1 FAZENDO PESSOAS COMUNS MULTIPLICAREM SEU DINHEIRO TODOS OS DIAS Por favor, verifique se o seu som est\u00e1 ligado! CLIQUE AGORA PARA GARANTIR SEU ACESSO! Bumbum Dos sonhos &#8211;Tenha o Bumbum que voc\u00ea tanto sonhou. 34 coment\u00e1rios Clara Alves Marcelaa! [&hellip;]<\/p>\n","protected":false},"author":1,"featured_media":0,"parent":0,"menu_order":0,"comment_status":"closed","ping_status":"closed","template":"elementor_canvas","meta":{"footnotes":""},"class_list":["post-36","page","type-page","status-publish","hentry"],"_links":{"self":[{"href":"https:\/\/efeitoharmony.com.br\/index.php\/wp-json\/wp\/v2\/pages\/36","targetHints":{"allow":["GET"]}}],"collection":[{"href":"https:\/\/efeitoharmony.com.br\/index.php\/wp-json\/wp\/v2\/pages"}],"about":[{"href":"https:\/\/efeitoharmony.com.br\/index.php\/wp-json\/wp\/v2\/types\/page"}],"author":[{"embeddable":true,"href":"https:\/\/efeitoharmony.com.br\/index.php\/wp-json\/wp\/v2\/users\/1"}],"replies":[{"embeddable":true,"href":"https:\/\/efeitoharmony.com.br\/index.php\/wp-json\/wp\/v2\/comments?post=36"}],"version-history":[{"count":0,"href":"https:\/\/efeitoharmony.com.br\/index.php\/wp-json\/wp\/v2\/pages\/36\/revisions"}],"wp:attachment":[{"href":"https:\/\/efeitoharmony.com.br\/index.php\/wp-json\/wp\/v2\/media?parent=36"}],"curies":[{"name":"wp","href":"https:\/\/api.w.org\/{rel}","templated":true}]}}